{"id":7514,"date":"2020-07-07T20:17:37","date_gmt":"2020-07-07T20:17:37","guid":{"rendered":"https:\/\/cochamo.com\/?page_id=7514"},"modified":"2022-10-06T15:57:17","modified_gmt":"2022-10-06T15:57:17","slug":"logistica","status":"publish","type":"page","link":"https:\/\/cochamo.com\/en\/logistica\/","title":{"rendered":"Qu\u00e9, D\u00f3nde, Cu\u00e1ndo, C\u00f3mo"},"content":{"rendered":"","protected":false},"excerpt":{"rendered":"","protected":false},"author":1,"featured_media":0,"parent":0,"menu_order":0,"comment_status":"closed","ping_status":"closed","template":"","meta":{"footnotes":""},"class_list":["post-7514","page","type-page","status-publish","hentry"],"_links":{"self":[{"href":"https:\/\/cochamo.com\/en\/wp-json\/wp\/v2\/pages\/7514","targetHints":{"allow":["GET"]}}],"collection":[{"href":"https:\/\/cochamo.com\/en\/wp-json\/wp\/v2\/pages"}],"about":[{"href":"https:\/\/cochamo.com\/en\/wp-json\/wp\/v2\/types\/page"}],"author":[{"embeddable":true,"href":"https:\/\/cochamo.com\/en\/wp-json\/wp\/v2\/users\/1"}],"replies":[{"embeddable":true,"href":"https:\/\/cochamo.com\/en\/wp-json\/wp\/v2\/comments?post=7514"}],"version-history":[{"count":3,"href":"https:\/\/cochamo.com\/en\/wp-json\/wp\/v2\/pages\/7514\/revisions"}],"predecessor-version":[{"id":12630,"href":"https:\/\/cochamo.com\/en\/wp-json\/wp\/v2\/pages\/7514\/revisions\/12630"}],"wp:attachment":[{"href":"https:\/\/cochamo.com\/en\/wp-json\/wp\/v2\/media?parent=7514"}],"curies":[{"name":"wp","href":"https:\/\/api.w.org\/{rel}","templated":true}]}}